{"id":447,"date":"2024-12-12T10:10:18","date_gmt":"2024-12-12T10:10:18","guid":{"rendered":"https:\/\/external.es\/?page_id=447"},"modified":"2024-12-12T10:18:01","modified_gmt":"2024-12-12T10:18:01","slug":"blog","status":"publish","type":"page","link":"https:\/\/external.es\/index.php\/blog\/","title":{"rendered":"Blog"},"content":{"rendered":"<p>[et_pb_section fb_built=\u00bb1&#8243; _builder_version=\u00bb4.27.0&#8243; _module_preset=\u00bbdefault\u00bb background_image=\u00bbhttps:\/\/external.es\/wp-content\/uploads\/2024\/12\/young-woman-typing-laptop.jpg\u00bb custom_padding=\u00bb160px||184px|||\u00bb locked=\u00bboff\u00bb global_colors_info=\u00bb{}\u00bb][et_pb_row _builder_version=\u00bb4.27.0&#8243; _module_preset=\u00bbdefault\u00bb custom_margin=\u00bb|auto|16px|auto||\u00bb global_colors_info=\u00bb{}\u00bb][et_pb_column type=\u00bb4_4&#8243; _builder_version=\u00bb4.27.0&#8243; _module_preset=\u00bbdefault\u00bb global_colors_info=\u00bb{}\u00bb][et_pb_heading title=\u00bbNuestro Blog\u00bb _builder_version=\u00bb4.27.0&#8243; _module_preset=\u00bb808a0f93-8dff-46d8-921b-636c56ad72d6&#8243; title_font=\u00bbActor|700|||||||\u00bb title_text_align=\u00bbcenter\u00bb title_text_color=\u00bb#0a0a0a\u00bb title_font_size=\u00bb60px\u00bb custom_margin=\u00bb||10px||false|false\u00bb title_text_shadow_style=\u00bbpreset3&#8243; title_text_shadow_color=\u00bb#FFFFFF\u00bb locked=\u00bboff\u00bb global_colors_info=\u00bb{}\u00bb][\/et_pb_heading][\/et_pb_column][\/et_pb_row][\/et_pb_section][et_pb_section fb_built=\u00bb1&#8243; admin_label=\u00bbBlog\u00bb _builder_version=\u00bb4.25.2&#8243; _module_preset=\u00bbdefault\u00bb custom_padding=\u00bb4px||66px|||\u00bb locked=\u00bboff\u00bb global_colors_info=\u00bb{}\u00bb][et_pb_row _builder_version=\u00bb4.25.2&#8243; _module_preset=\u00bbdefault\u00bb max_width=\u00bb1320px\u00bb global_colors_info=\u00bb{}\u00bb custom_margin=\u00bb103px|auto||auto||\u00bb][et_pb_column type=\u00bb4_4&#8243; _builder_version=\u00bb4.25.2&#8243; _module_preset=\u00bbdefault\u00bb global_colors_info=\u00bb{}\u00bb][et_pb_blog posts_number=\u00bb9&#8243; include_categories=\u00bb17,16&#8243; _builder_version=\u00bb4.25.2&#8243; _module_preset=\u00bb03fa31af-87c8-4674-9a8b-ab5ee42c8e5d\u00bb global_colors_info=\u00bb{}\u00bb][\/et_pb_blog][\/et_pb_column][\/et_pb_row][\/et_pb_section][et_pb_section fb_built=\u00bb1&#8243; _builder_version=\u00bb4.27.0&#8243; _module_preset=\u00bbdefault\u00bb background_image=\u00bbhttps:\/\/external.es\/wp-content\/uploads\/2024\/08\/contacto-scaled.jpg\u00bb parallax=\u00bbon\u00bb custom_margin=\u00bb-2px|||||\u00bb custom_padding=\u00bb59px||59px|||\u00bb locked=\u00bboff\u00bb global_colors_info=\u00bb{}\u00bb][et_pb_row _builder_version=\u00bb4.27.0&#8243; _module_preset=\u00bbdefault\u00bb global_colors_info=\u00bb{}\u00bb][et_pb_column type=\u00bb4_4&#8243; _builder_version=\u00bb4.27.0&#8243; _module_preset=\u00bbdefault\u00bb global_colors_info=\u00bb{}\u00bb][et_pb_text _builder_version=\u00bb4.27.0&#8243; _module_preset=\u00bbdefault\u00bb header_2_font=\u00bbActor|700|||||||\u00bb header_2_text_color=\u00bb#000000&#8243; header_2_font_size=\u00bb63px\u00bb header_2_text_shadow_style=\u00bbpreset3&#8243; header_2_text_shadow_color=\u00bb#FFFFFF\u00bb global_colors_info=\u00bb{}\u00bb]<\/p>\n<h2>Cont\u00e1ctanos<\/h2>\n<p>[\/et_pb_text][\/et_pb_column][\/et_pb_row][et_pb_row column_structure=\u00bb1_2,1_2&#8243; _builder_version=\u00bb4.27.0&#8243; _module_preset=\u00bbdefault\u00bb global_colors_info=\u00bb{}\u00bb][et_pb_column type=\u00bb1_2&#8243; _builder_version=\u00bb4.27.0&#8243; _module_preset=\u00bbdefault\u00bb global_colors_info=\u00bb{}\u00bb][et_pb_contact_form captcha=\u00bboff\u00bb _builder_version=\u00bb4.27.0&#8243; _module_preset=\u00bbdefault\u00bb _unique_id=\u00bb04594da1-b20f-482e-a894-962c46afc7e3&#8243; custom_button=\u00bbon\u00bb button_text_color=\u00bb#000000&#8243; button_bg_color=\u00bb#FFFFFF\u00bb button_border_width=\u00bb0px\u00bb global_colors_info=\u00bb{}\u00bb][et_pb_contact_field field_id=\u00bbName\u00bb field_title=\u00bbNombre\u00bb _builder_version=\u00bb4.16&#8243; global_colors_info=\u00bb{}\u00bb button_text_size__hover_enabled=\u00bboff\u00bb button_one_text_size__hover_enabled=\u00bboff\u00bb button_two_text_size__hover_enabled=\u00bboff\u00bb button_text_color__hover_enabled=\u00bboff\u00bb button_one_text_color__hover_enabled=\u00bboff\u00bb button_two_text_color__hover_enabled=\u00bboff\u00bb button_border_width__hover_enabled=\u00bboff\u00bb button_one_border_width__hover_enabled=\u00bboff\u00bb button_two_border_width__hover_enabled=\u00bboff\u00bb button_border_color__hover_enabled=\u00bboff\u00bb button_one_border_color__hover_enabled=\u00bboff\u00bb button_two_border_color__hover_enabled=\u00bboff\u00bb button_border_radius__hover_enabled=\u00bboff\u00bb button_one_border_radius__hover_enabled=\u00bboff\u00bb button_two_border_radius__hover_enabled=\u00bboff\u00bb button_letter_spacing__hover_enabled=\u00bboff\u00bb button_one_letter_spacing__hover_enabled=\u00bboff\u00bb button_two_letter_spacing__hover_enabled=\u00bboff\u00bb button_bg_color__hover_enabled=\u00bboff\u00bb button_one_bg_color__hover_enabled=\u00bboff\u00bb button_two_bg_color__hover_enabled=\u00bboff\u00bb][\/et_pb_contact_field][et_pb_contact_field field_id=\u00bbEmail\u00bb field_title=\u00bbDirecci\u00f3n de correo electr\u00f3nico\u00bb field_type=\u00bbemail\u00bb _builder_version=\u00bb4.16&#8243; global_colors_info=\u00bb{}\u00bb button_text_size__hover_enabled=\u00bboff\u00bb button_one_text_size__hover_enabled=\u00bboff\u00bb button_two_text_size__hover_enabled=\u00bboff\u00bb button_text_color__hover_enabled=\u00bboff\u00bb button_one_text_color__hover_enabled=\u00bboff\u00bb button_two_text_color__hover_enabled=\u00bboff\u00bb button_border_width__hover_enabled=\u00bboff\u00bb button_one_border_width__hover_enabled=\u00bboff\u00bb button_two_border_width__hover_enabled=\u00bboff\u00bb button_border_color__hover_enabled=\u00bboff\u00bb button_one_border_color__hover_enabled=\u00bboff\u00bb button_two_border_color__hover_enabled=\u00bboff\u00bb button_border_radius__hover_enabled=\u00bboff\u00bb button_one_border_radius__hover_enabled=\u00bboff\u00bb button_two_border_radius__hover_enabled=\u00bboff\u00bb button_letter_spacing__hover_enabled=\u00bboff\u00bb button_one_letter_spacing__hover_enabled=\u00bboff\u00bb button_two_letter_spacing__hover_enabled=\u00bboff\u00bb button_bg_color__hover_enabled=\u00bboff\u00bb button_one_bg_color__hover_enabled=\u00bboff\u00bb button_two_bg_color__hover_enabled=\u00bboff\u00bb][\/et_pb_contact_field][et_pb_contact_field field_id=\u00bbMessage\u00bb field_title=\u00bbMensaje\u00bb field_type=\u00bbtext\u00bb fullwidth_field=\u00bbon\u00bb _builder_version=\u00bb4.16&#8243; global_colors_info=\u00bb{}\u00bb button_text_size__hover_enabled=\u00bboff\u00bb button_one_text_size__hover_enabled=\u00bboff\u00bb button_two_text_size__hover_enabled=\u00bboff\u00bb button_text_color__hover_enabled=\u00bboff\u00bb button_one_text_color__hover_enabled=\u00bboff\u00bb button_two_text_color__hover_enabled=\u00bboff\u00bb button_border_width__hover_enabled=\u00bboff\u00bb button_one_border_width__hover_enabled=\u00bboff\u00bb button_two_border_width__hover_enabled=\u00bboff\u00bb button_border_color__hover_enabled=\u00bboff\u00bb button_one_border_color__hover_enabled=\u00bboff\u00bb button_two_border_color__hover_enabled=\u00bboff\u00bb button_border_radius__hover_enabled=\u00bboff\u00bb button_one_border_radius__hover_enabled=\u00bboff\u00bb button_two_border_radius__hover_enabled=\u00bboff\u00bb button_letter_spacing__hover_enabled=\u00bboff\u00bb button_one_letter_spacing__hover_enabled=\u00bboff\u00bb button_two_letter_spacing__hover_enabled=\u00bboff\u00bb button_bg_color__hover_enabled=\u00bboff\u00bb button_one_bg_color__hover_enabled=\u00bboff\u00bb button_two_bg_color__hover_enabled=\u00bboff\u00bb][\/et_pb_contact_field][\/et_pb_contact_form][\/et_pb_column][et_pb_column type=\u00bb1_2&#8243; _builder_version=\u00bb4.27.0&#8243; _module_preset=\u00bbdefault\u00bb global_colors_info=\u00bb{}\u00bb][et_pb_text _builder_version=\u00bb4.27.0&#8243; _module_preset=\u00bbdefault\u00bb text_font=\u00bbActor||||||||\u00bb text_text_color=\u00bb#000000&#8243; background_color=\u00bbrgba(255,255,255,0.64)\u00bb text_orientation=\u00bbjustified\u00bb width=\u00bb100%\u00bb custom_padding=\u00bb20px|20px|20px|20px|false|false\u00bb global_colors_info=\u00bb{}\u00bb]<\/p>\n<p>En External Consultor\u00eda y Outsourcing S.A., ofrecemos una gama completa de servicios para impulsar tu negocio. Desde desarrollo y mantenimiento de software hasta dise\u00f1o web, consultor\u00eda inform\u00e1tica, y creaci\u00f3n de contenido audiovisual, nuestro equipo de expertos est\u00e1 listo para brindarte soluciones integrales y personalizadas.<\/p>\n<p><strong>\u00bfTienes alguna pregunta o proyecto en mente? Completa el formulario y nos pondremos en contacto contigo lo antes posible.<\/strong><\/p>\n<p>[\/et_pb_text][\/et_pb_column][\/et_pb_row][\/et_pb_section]<\/p>\n","protected":false},"excerpt":{"rendered":"<p>Cont\u00e1ctanosEn External Consultor\u00eda y Outsourcing S.A., ofrecemos una gama completa de servicios para impulsar tu negocio. Desde desarrollo y mantenimiento de software hasta dise\u00f1o web, consultor\u00eda inform\u00e1tica, y creaci\u00f3n de contenido audiovisual, nuestro equipo de expertos est\u00e1 listo para brindarte soluciones integrales y personalizadas. \u00bfTienes alguna pregunta o proyecto en mente? Completa el formulario y [&hellip;]<\/p>\n","protected":false},"author":3,"featured_media":0,"parent":0,"menu_order":0,"comment_status":"closed","ping_status":"closed","template":"","meta":{"_et_pb_use_builder":"on","_et_pb_old_content":"","_et_gb_content_width":"","footnotes":""},"class_list":["post-447","page","type-page","status-publish","hentry"],"yoast_head":"<!-- This site is optimized with the Yoast SEO Premium plugin v20.0 (Yoast SEO v27.2) - https:\/\/yoast.com\/product\/yoast-seo-premium-wordpress\/ -->\r\n<title>Blog - Ext\u00e9rnal Consultor\u00eda y Outsourcing<\/title>\r\n<meta name=\"robots\" content=\"index, follow, max-snippet:-1, max-image-preview:large, max-video-preview:-1\" \/>\r\n<link rel=\"canonical\" href=\"https:\/\/external.es\/index.php\/blog\/\" \/>\r\n<meta property=\"og:locale\" content=\"es_ES\" \/>\r\n<meta property=\"og:type\" content=\"article\" \/>\r\n<meta property=\"og:title\" content=\"Blog\" \/>\r\n<meta property=\"og:description\" content=\"Cont\u00e1ctanosEn External Consultor\u00eda y Outsourcing S.A., ofrecemos una gama completa de servicios para impulsar tu negocio. Desde desarrollo y mantenimiento de software hasta dise\u00f1o web, consultor\u00eda inform\u00e1tica, y creaci\u00f3n de contenido audiovisual, nuestro equipo de expertos est\u00e1 listo para brindarte soluciones integrales y personalizadas. \u00bfTienes alguna pregunta o proyecto en mente? Completa el formulario y [&hellip;]\" \/>\r\n<meta property=\"og:url\" content=\"https:\/\/external.es\/index.php\/blog\/\" \/>\r\n<meta property=\"og:site_name\" content=\"Ext\u00e9rnal Consultor\u00eda y Outsourcing\" \/>\r\n<meta property=\"article:publisher\" content=\"https:\/\/www.facebook.com\/external.informatica\/?locale=es_ES\" \/>\r\n<meta property=\"article:modified_time\" content=\"2024-12-12T10:18:01+00:00\" \/>\r\n<meta name=\"twitter:card\" content=\"summary_large_image\" \/>\r\n<meta name=\"twitter:label1\" content=\"Tiempo de lectura\" \/>\n\t<meta name=\"twitter:data1\" content=\"5 minutos\" \/>\r\n<script type=\"application\/ld+json\" class=\"yoast-schema-graph\">{\"@context\":\"https:\/\/schema.org\",\"@graph\":[{\"@type\":\"WebPage\",\"@id\":\"https:\/\/external.es\/index.php\/blog\/\",\"url\":\"https:\/\/external.es\/index.php\/blog\/\",\"name\":\"Blog - Ext\u00e9rnal Consultor\u00eda y Outsourcing\",\"isPartOf\":{\"@id\":\"https:\/\/external.es\/#website\"},\"datePublished\":\"2024-12-12T10:10:18+00:00\",\"dateModified\":\"2024-12-12T10:18:01+00:00\",\"breadcrumb\":{\"@id\":\"https:\/\/external.es\/index.php\/blog\/#breadcrumb\"},\"inLanguage\":\"es\",\"potentialAction\":[{\"@type\":\"ReadAction\",\"target\":[\"https:\/\/external.es\/index.php\/blog\/\"]}]},{\"@type\":\"BreadcrumbList\",\"@id\":\"https:\/\/external.es\/index.php\/blog\/#breadcrumb\",\"itemListElement\":[{\"@type\":\"ListItem\",\"position\":1,\"name\":\"Portada\",\"item\":\"https:\/\/external.es\/\"},{\"@type\":\"ListItem\",\"position\":2,\"name\":\"Blog\"}]},{\"@type\":\"WebSite\",\"@id\":\"https:\/\/external.es\/#website\",\"url\":\"https:\/\/external.es\/\",\"name\":\"Ext\u00e9rnal Consultor\u00eda y Outsourcing\",\"description\":\"Ext\u00e9rnal Inform\u00e1tica Plasencia Consultor\u00eda tecnol\u00f3gica y outsourcing IT. Soporte t\u00e9cnico, desarrollo web y soluciones digitales.\",\"publisher\":{\"@id\":\"https:\/\/external.es\/#organization\"},\"potentialAction\":[{\"@type\":\"SearchAction\",\"target\":{\"@type\":\"EntryPoint\",\"urlTemplate\":\"https:\/\/external.es\/?s={search_term_string}\"},\"query-input\":{\"@type\":\"PropertyValueSpecification\",\"valueRequired\":true,\"valueName\":\"search_term_string\"}}],\"inLanguage\":\"es\"},{\"@type\":\"Organization\",\"@id\":\"https:\/\/external.es\/#organization\",\"name\":\"Ext\u00e9rnal Consultor\u00eda y Outsourcing\",\"url\":\"https:\/\/external.es\/\",\"logo\":{\"@type\":\"ImageObject\",\"inLanguage\":\"es\",\"@id\":\"https:\/\/external.es\/#\/schema\/logo\/image\/\",\"url\":\"https:\/\/external.es\/wp-content\/uploads\/2025\/07\/cropped-x-1.png\",\"contentUrl\":\"https:\/\/external.es\/wp-content\/uploads\/2025\/07\/cropped-x-1.png\",\"width\":512,\"height\":512,\"caption\":\"Ext\u00e9rnal Consultor\u00eda y Outsourcing\"},\"image\":{\"@id\":\"https:\/\/external.es\/#\/schema\/logo\/image\/\"},\"sameAs\":[\"https:\/\/www.facebook.com\/external.informatica\/?locale=es_ES\",\"https:\/\/www.instagram.com\/external_informatica\/\"]}]}<\/script>\r\n<!-- \/ Yoast SEO Premium plugin. -->","yoast_head_json":{"title":"Blog - Ext\u00e9rnal Consultor\u00eda y Outsourcing","robots":{"index":"index","follow":"follow","max-snippet":"max-snippet:-1","max-image-preview":"max-image-preview:large","max-video-preview":"max-video-preview:-1"},"canonical":"https:\/\/external.es\/index.php\/blog\/","og_locale":"es_ES","og_type":"article","og_title":"Blog","og_description":"Cont\u00e1ctanosEn External Consultor\u00eda y Outsourcing S.A., ofrecemos una gama completa de servicios para impulsar tu negocio. Desde desarrollo y mantenimiento de software hasta dise\u00f1o web, consultor\u00eda inform\u00e1tica, y creaci\u00f3n de contenido audiovisual, nuestro equipo de expertos est\u00e1 listo para brindarte soluciones integrales y personalizadas. \u00bfTienes alguna pregunta o proyecto en mente? Completa el formulario y [&hellip;]","og_url":"https:\/\/external.es\/index.php\/blog\/","og_site_name":"Ext\u00e9rnal Consultor\u00eda y Outsourcing","article_publisher":"https:\/\/www.facebook.com\/external.informatica\/?locale=es_ES","article_modified_time":"2024-12-12T10:18:01+00:00","twitter_card":"summary_large_image","twitter_misc":{"Tiempo de lectura":"5 minutos"},"schema":{"@context":"https:\/\/schema.org","@graph":[{"@type":"WebPage","@id":"https:\/\/external.es\/index.php\/blog\/","url":"https:\/\/external.es\/index.php\/blog\/","name":"Blog - Ext\u00e9rnal Consultor\u00eda y Outsourcing","isPartOf":{"@id":"https:\/\/external.es\/#website"},"datePublished":"2024-12-12T10:10:18+00:00","dateModified":"2024-12-12T10:18:01+00:00","breadcrumb":{"@id":"https:\/\/external.es\/index.php\/blog\/#breadcrumb"},"inLanguage":"es","potentialAction":[{"@type":"ReadAction","target":["https:\/\/external.es\/index.php\/blog\/"]}]},{"@type":"BreadcrumbList","@id":"https:\/\/external.es\/index.php\/blog\/#breadcrumb","itemListElement":[{"@type":"ListItem","position":1,"name":"Portada","item":"https:\/\/external.es\/"},{"@type":"ListItem","position":2,"name":"Blog"}]},{"@type":"WebSite","@id":"https:\/\/external.es\/#website","url":"https:\/\/external.es\/","name":"Ext\u00e9rnal Consultor\u00eda y Outsourcing","description":"Ext\u00e9rnal Inform\u00e1tica Plasencia Consultor\u00eda tecnol\u00f3gica y outsourcing IT. Soporte t\u00e9cnico, desarrollo web y soluciones digitales.","publisher":{"@id":"https:\/\/external.es\/#organization"},"potentialAction":[{"@type":"SearchAction","target":{"@type":"EntryPoint","urlTemplate":"https:\/\/external.es\/?s={search_term_string}"},"query-input":{"@type":"PropertyValueSpecification","valueRequired":true,"valueName":"search_term_string"}}],"inLanguage":"es"},{"@type":"Organization","@id":"https:\/\/external.es\/#organization","name":"Ext\u00e9rnal Consultor\u00eda y Outsourcing","url":"https:\/\/external.es\/","logo":{"@type":"ImageObject","inLanguage":"es","@id":"https:\/\/external.es\/#\/schema\/logo\/image\/","url":"https:\/\/external.es\/wp-content\/uploads\/2025\/07\/cropped-x-1.png","contentUrl":"https:\/\/external.es\/wp-content\/uploads\/2025\/07\/cropped-x-1.png","width":512,"height":512,"caption":"Ext\u00e9rnal Consultor\u00eda y Outsourcing"},"image":{"@id":"https:\/\/external.es\/#\/schema\/logo\/image\/"},"sameAs":["https:\/\/www.facebook.com\/external.informatica\/?locale=es_ES","https:\/\/www.instagram.com\/external_informatica\/"]}]}},"_links":{"self":[{"href":"https:\/\/external.es\/index.php\/wp-json\/wp\/v2\/pages\/447","targetHints":{"allow":["GET"]}}],"collection":[{"href":"https:\/\/external.es\/index.php\/wp-json\/wp\/v2\/pages"}],"about":[{"href":"https:\/\/external.es\/index.php\/wp-json\/wp\/v2\/types\/page"}],"author":[{"embeddable":true,"href":"https:\/\/external.es\/index.php\/wp-json\/wp\/v2\/users\/3"}],"replies":[{"embeddable":true,"href":"https:\/\/external.es\/index.php\/wp-json\/wp\/v2\/comments?post=447"}],"version-history":[{"count":3,"href":"https:\/\/external.es\/index.php\/wp-json\/wp\/v2\/pages\/447\/revisions"}],"predecessor-version":[{"id":462,"href":"https:\/\/external.es\/index.php\/wp-json\/wp\/v2\/pages\/447\/revisions\/462"}],"wp:attachment":[{"href":"https:\/\/external.es\/index.php\/wp-json\/wp\/v2\/media?parent=447"}],"curies":[{"name":"wp","href":"https:\/\/api.w.org\/{rel}","templated":true}]}}